{"id":105,"date":"2015-01-18T12:23:50","date_gmt":"2015-01-18T12:23:50","guid":{"rendered":"http:\/\/wp.versteigerung-poddey.de\/?page_id=105"},"modified":"2026-01-18T10:03:29","modified_gmt":"2026-01-18T10:03:29","slug":"versteigerung-castrop-rauxel","status":"publish","type":"page","link":"http:\/\/wp.versteigerung-poddey.de\/?page_id=105","title":{"rendered":"Versteigerung L\u00fcnen GmbH"},"content":{"rendered":"\n<p>Kurt-Schumacher-Stra\u00dfe 4,  44534 L\u00fcnen<\/p>\n\n\n\n<p>Zweigstelle Hagen, Graf-von-Galen-Ring 37, in 58095 Hagen<br><\/p>\n\n\n\n<p>Zweigstelle Remscheid, Alleestra\u00dfe 12, in 42853 Remscheid<\/p>\n\n\n\n<p>Zweigstelle Recklinghausen, Kaiserwall 34 in 45657 Recklinghausen<\/p>\n\n\n\n<p>============================================================================<\/p>\n\n\n\n<p class=\"has-medium-font-size\"><strong>Versteigerung findet 1 x im Monat in Dortmund statt<\/strong><\/p>\n\n\n\n<p class=\"has-medium-font-size\">Semerteichstra\u00dfe 60, ( im Hof ), 44141 Dortmund<\/p>\n\n\n\n<p class=\"has-black-color has-text-color has-normal-font-size\"><strong><em>Sehr geehrte Kunden, die n\u00e4chste Versteigerung der L\u00fcnen GmbH in Dortmund findet statt, am :<\/em><\/strong><\/p>\n\n\n\n<p class=\"has-vivid-red-color has-text-color has-medium-font-size\"><strong>N\u00e4chster Termin : Samstag 07.02.2026<\/strong><\/p>\n\n\n\n<p class=\"has-vivid-red-color has-text-color has-large-font-size\"><strong><em>Beginn um : 11:00 Uhr<\/em><\/strong><\/p>\n\n\n\n<p class=\"has-vivid-red-color has-text-color has-medium-font-size\"><strong><em>Besichtigung ab 10:00 Uhr<\/em><\/strong><\/p>\n\n\n\n<p class=\"has-medium-font-size\">Versteigert werden Technik ( Laptops, Smartphone, Fernseher, Spielekonsolen usw. ), Werkzeug, Uhren ( teils auch hochwertige Uhren ), und vieles mehr<\/p>\n\n\n\n<p><\/p>\n\n\n\n<p class=\"has-vivid-red-color has-text-color has-link-color has-medium-font-size wp-elements-e0597c5923e2e8425294162b63ccdec0\"><strong>Termine 2026 :<\/strong><\/p>\n\n\n\n<p>07.03.2026&#8212;11.04.2026&#8212;09.05.2026&#8212;13.06.2026<\/p>\n\n\n\n<p>04.07.2026&#8212;08.08.2026&#8212;05.09.2026&#8212;11.10.2026&#8212;07.11.2026&#8212;05.12.2026<\/p>\n\n\n\n<p>============================================================================<\/p>\n\n\n\n<p class=\"has-black-color has-text-color has-normal-font-size\"><strong><em>       <\/em><\/strong><\/p>\n\n\n\n<p class=\"has-black-color has-text-color has-normal-font-size\"><strong><em> <\/em><\/strong><\/p>\n\n\n\n<div class=\"wp-block-columns is-layout-flex wp-container-core-columns-layout-1 wp-block-columns-is-layout-flex\">\n<div class=\"wp-block-column is-layout-flow wp-block-column-is-layout-flow\" style=\"flex-basis:100%\">\n<p>                                         <\/p>\n<\/div>\n<\/div>\n\n\n\n<p><\/p>\n","protected":false},"excerpt":{"rendered":"<p>Kurt-Schumacher-Stra\u00dfe 4, 44534 L\u00fcnen Zweigstelle Hagen, Graf-von-Galen-Ring 37, in 58095 Hagen Zweigstelle Remscheid, Alleestra\u00dfe 12, in 42853 Remscheid Zweigstelle Recklinghausen, Kaiserwall 34 in 45657 Recklinghausen ============================================================================ Versteigerung findet 1 x &#8230;<\/p>\n","protected":false},"author":1,"featured_media":0,"parent":1563,"menu_order":6,"comment_status":"closed","ping_status":"closed","template":"","meta":{"footnotes":""},"_links":{"self":[{"href":"http:\/\/wp.versteigerung-poddey.de\/index.php?rest_route=\/wp\/v2\/pages\/105"}],"collection":[{"href":"http:\/\/wp.versteigerung-poddey.de\/index.php?rest_route=\/wp\/v2\/pages"}],"about":[{"href":"http:\/\/wp.versteigerung-poddey.de\/index.php?rest_route=\/wp\/v2\/types\/page"}],"author":[{"embeddable":true,"href":"http:\/\/wp.versteigerung-poddey.de\/index.php?rest_route=\/wp\/v2\/users\/1"}],"replies":[{"embeddable":true,"href":"http:\/\/wp.versteigerung-poddey.de\/index.php?rest_route=%2Fwp%2Fv2%2Fcomments&post=105"}],"version-history":[{"count":132,"href":"http:\/\/wp.versteigerung-poddey.de\/index.php?rest_route=\/wp\/v2\/pages\/105\/revisions"}],"predecessor-version":[{"id":2884,"href":"http:\/\/wp.versteigerung-poddey.de\/index.php?rest_route=\/wp\/v2\/pages\/105\/revisions\/2884"}],"up":[{"embeddable":true,"href":"http:\/\/wp.versteigerung-poddey.de\/index.php?rest_route=\/wp\/v2\/pages\/1563"}],"wp:attachment":[{"href":"http:\/\/wp.versteigerung-poddey.de\/index.php?rest_route=%2Fwp%2Fv2%2Fmedia&parent=105"}],"curies":[{"name":"wp","href":"https:\/\/api.w.org\/{rel}","templated":true}]}}