{"id":107,"date":"2015-01-18T12:26:11","date_gmt":"2015-01-18T12:26:11","guid":{"rendered":"http:\/\/wp.versteigerung-poddey.de\/?page_id=107"},"modified":"2023-02-05T14:09:18","modified_gmt":"2023-02-05T14:09:18","slug":"presse","status":"publish","type":"page","link":"http:\/\/wp.versteigerung-poddey.de\/?page_id=107","title":{"rendered":"Presse"},"content":{"rendered":"<p><b>Presse<\/b><\/p>\n<p>Gebiss, Rollator, H\u00f6rger\u00e4t &#8211; alles unter dem Hammer<i><br \/>\nGelsenkirchen. Bei der st\u00e4dtischen Versteigerung der Fundsachen gibt es manches Schn\u00e4ppchen &#8211; und noch mehr Skurrilit\u00e4ten.<br \/>\nNeben Fahrr\u00e4dern, Uhren und Handys finden auch Autoreifen, Kupferstangen und H\u00f6rger\u00e4te neue Besitzer.<\/i><\/p>\n<p>&#8222;Zum Ersten, zum Zweiten und zum Dritten.&#8220; Hunderte Male spricht Auktionatorin Ulrike Poddey diesen Satz.<br \/>\nEs kommt nicht h\u00e4ufig vor, dass Ulrike Poddey ins Staunen ger\u00e4t. Dass sie beim Betrachten eines Objekts,<br \/>\ndas sie unter die Leute bringen soll, v\u00f6llig perplex den Kopf sch\u00fcttelt. Doch alleine ist die Auktionatorin mit<br \/>\nihrer Verwunderung an diesem Tag nicht. Selbst die potenziellen Bieter in der Kleingartenanlage Bismarckhain<br \/>\nm\u00fcssen schmunzeln, als pl\u00f6tzlich ein Rollator zur Versteigerung in der Mitte des Raumes steht &#8211; H\u00f6rger\u00e4t,<br \/>\nGebiss und Zahnspange sind gleich mit dabei.<\/p>\n<p>&#8222;Zum Ersten, zum Zweiten und zum Dritten!&#8220; Kein Satz f\u00e4llt h\u00e4ufiger an diesem Tag und am Ende werden lediglich<br \/>\nsechs Fahrr\u00e4der keinen neuen Besitzer gefunden haben. Der Rest: weg. All die Ketten und Trauringe. Ganze<br \/>\n57 Fahrr\u00e4der, Kameras, unz\u00e4hlige Uhren und noch mehr Handys. Auch f\u00fcr skurrile Gegenst\u00e4nde wie einen<br \/>\nkompletten Reifensatz samt polierter Alufelgen (160 E), eine Kiste Autoscheinwerfer inklusive dreier Navigationsger\u00e4te<br \/>\n(300 E), einer Knappenkarte f\u00fcr die Arena (1 E), einen Handwagen voller Kupferstangen (80 E) und den Rucksack<br \/>\nmit voller Wodka- und Rotweinflasche darin (14E) wurde eifrig <i>geboten<\/i><i>. Allesamt Gegenst\u00e4nde, die in der Zeit vom<br \/>\n1. November 2007 bis 30. April 2008 bei den Fundb\u00fcros im Rathaus Buer, an der Cranger Stra\u00dfe, an der Schlo\u00dfstra\u00dfe<br \/>\nsowie an der Husemannstra\u00dfe abgegebenen und von den Eigent\u00fcmern nicht abgeholt wurden. &#8222;Der ist f\u00fcr meinen Vater&#8220;,<br \/>\nsagt der Mann, der soeben den Rollator f\u00fcr 10 Euro ersteigert hat. &#8222;Ich frage mich nur, wie der ehemalige Besitzer<br \/>\nohne das Ding nach Hause gekommen ist.&#8220; Andere wissen dagegen, wie sie den Weg zur\u00fcck bew\u00e4ltigen werden.<br \/>\nEifrig werden auf dem Parkplatz die soeben erworbenen Fahrr\u00e4der getestet.<\/i><\/p>\n<p>Einen Pappkarton voller Kleider preist Versteigerin Ulrike Poddey in diesem Moment an. Ein paar wei\u00dfe Stiefel und eine<br \/>\nPer\u00fccke sind darin. &#8222;1 Euro! Keiner? Wer m\u00f6chte ihn denn geschenkt haben?&#8220; Am Ende erbarmt sich tats\u00e4chlich jemand,<br \/>\nden Karton mitzunehmen. Und auch Bodo Kollmer ist zufrieden. P\u00fcnktlich um neun Uhr hatte er sich an der Grimbergstra\u00dfe<br \/>\neingefunden, um sich den bestm\u00f6glichen \u00dcberblick \u00fcber die Fundsachen zu verschaffen. Ein Fahrrad wollte er ersteigern.<br \/>\n&#8222;Ich habe das bekommen, was ich mir vorgestellt habe&#8220;, sagt der 54-J\u00e4hrige. Ein BMX-Rad f\u00fcr seinen Sohn und eine kleine<br \/>\nDigitalkamera ersteigerte er obendrauf. &#8222;Entweder die Kamera funktioniert oder nicht &#8211; ein bisschen Risiko muss man eingehen!&#8220;<\/p>\n<p>Denn keineswegs ist garantiert, dass Handys, Navigationsger\u00e4te und Kameras wirklich etwas taugen. &#8222;Da k\u00f6nnen wir keine<br \/>\nGew\u00e4hrleistung geben&#8220;, sagt Ulrike Poddey. &#8222;Meist fehlen die Ladekabel, um alles zu \u00fcberpr\u00fcfen.&#8220;<\/p>\n<p>Der Erl\u00f6s der Versteigerung flie\u00dft in die Taschen der Stadt. Auch die 80 Euro, die ein Mann f\u00fcr die mit Kupfer beladene<br \/>\nHandkarre ausgab. Doch hier zeigt sich gleich der Gesch\u00e4ftssinn des K\u00e4ufers. Wie viel er f\u00fcr die r\u00f6tlich schimmernden<br \/>\nStangen haben wolle, wird er beim Verlassen des Geb\u00e4udes gefragt. Die lapidare Antwort: &#8222;250 Euro!&#8220;<\/p>\n<div class=\"clearer\"><\/div>\n<p>&nbsp;<\/p>\n<p><b>Versteigerin aus Gelsenkirchen vereidigt<\/b><br \/>\nUlrike Poddey erh\u00e4lt Urkunde von der IHK Nord Westfalen<\/p>\n<p>16. juni 2004<br \/>\nUlrike Poddey aus Gelsenkirchen ist vom Pr\u00e4sidenten der Industrie- und Handelskammer Nord Westfalen (IHK), Hubert Ruthmann, als Versteigerin vereidigt worden. Vor ihrer \u00f6ffentlichen Vereidigung musste die neue Versteigerin vor der IHK ihre besondere Sachkunde und ihre pers\u00f6nliche Integrit\u00e4t nachweisen. Gesetzliche Grundlage ist die Gewerbeordnung, in der das Versteigerungsgewerbe geregelt ist.<\/p>\n<p>Industrie- und Handelskammer Nord Westfalen<\/p>\n<p>Sentmaringer Weg 61<br \/>\n48151 M\u00fcnster<\/p>\n<p>&nbsp;<\/p>\n<div class=\"sidepictureleft\"><a href=\"http:\/\/www.versteigerung-poddey.de\/images\/fundsachen.jpg\" target=\"_blank\" rel=\"noopener noreferrer\"><img loading=\"lazy\" decoding=\"async\" alt=\"\" src=\"http:\/\/www.versteigerung-poddey.de\/images\/fundsachen_184.jpg\" width=\"184\" height=\"136\" border=\"0\"><\/a><\/div>\n<p>Leben in GE \u00bb Pressestelle<br \/>\nFundsachen kommen unter den Hammer<br \/>\nWas von dem einen vielleicht schmerzlich vermisst wird, kann jetzt zu einem gl\u00fccklichen Schn\u00e4ppchen f\u00fcr den anderen werden. Die Rede ist von zahlreichen Fundsachen, die im Fundb\u00fcro der Stadt Gelsenkirchen lagern und nicht abgeholt wurden. Damit wieder Platz f\u00fcr neue Fundsachen geschaffen werden kann, m\u00fcssen die Lager ger\u00e4umt werden. Die Stadt Gelsenkirchen wird deshalb alle Fundsachen, die in der Zeit vom 1. November 2008 bis 30. April 2008 bei den Gelsenkirchener Fundb\u00fcros abgegebenen worden sind, \u00f6ffentlich versteigern.<br \/>\nDie vereidigte Auktionatorin Ulrike Poddey wird die einzelnen Fundst\u00fccke am Montag, 10. November 2008, um 10 Uhr, Gartenanlage Bismarckhain, Grimbergstra\u00dfe, 45889 Gelsenkirchen aufrufen und an den Meistbietenden abgeben. Nicht nur f\u00fcr Versteigerungsprofis ist da das eine oder andere Schn\u00e4ppchen drin. Besichtigung kann man die Fundsachen bereits um 9 Uhr.<\/p>\n","protected":false},"excerpt":{"rendered":"<p>Presse Gebiss, Rollator, H\u00f6rger\u00e4t &#8211; alles unter dem Hammer Gelsenkirchen. Bei der st\u00e4dtischen Versteigerung der Fundsachen gibt es manches Schn\u00e4ppchen &#8211; und noch mehr Skurrilit\u00e4ten. Neben Fahrr\u00e4dern, Uhren und Handys &#8230;<\/p>\n","protected":false},"author":1,"featured_media":0,"parent":0,"menu_order":5,"comment_status":"closed","ping_status":"closed","template":"","meta":{"footnotes":""},"_links":{"self":[{"href":"http:\/\/wp.versteigerung-poddey.de\/index.php?rest_route=\/wp\/v2\/pages\/107"}],"collection":[{"href":"http:\/\/wp.versteigerung-poddey.de\/index.php?rest_route=\/wp\/v2\/pages"}],"about":[{"href":"http:\/\/wp.versteigerung-poddey.de\/index.php?rest_route=\/wp\/v2\/types\/page"}],"author":[{"embeddable":true,"href":"http:\/\/wp.versteigerung-poddey.de\/index.php?rest_route=\/wp\/v2\/users\/1"}],"replies":[{"embeddable":true,"href":"http:\/\/wp.versteigerung-poddey.de\/index.php?rest_route=%2Fwp%2Fv2%2Fcomments&post=107"}],"version-history":[{"count":4,"href":"http:\/\/wp.versteigerung-poddey.de\/index.php?rest_route=\/wp\/v2\/pages\/107\/revisions"}],"predecessor-version":[{"id":2127,"href":"http:\/\/wp.versteigerung-poddey.de\/index.php?rest_route=\/wp\/v2\/pages\/107\/revisions\/2127"}],"wp:attachment":[{"href":"http:\/\/wp.versteigerung-poddey.de\/index.php?rest_route=%2Fwp%2Fv2%2Fmedia&parent=107"}],"curies":[{"name":"wp","href":"https:\/\/api.w.org\/{rel}","templated":true}]}}