{"id":110,"date":"2015-01-20T03:47:38","date_gmt":"2015-01-20T03:47:38","guid":{"rendered":"http:\/\/wp.versteigerung-poddey.de\/?page_id=110"},"modified":"2026-01-18T10:00:53","modified_gmt":"2026-01-18T10:00:53","slug":"versteigerung-essen-3","status":"publish","type":"page","link":"http:\/\/wp.versteigerung-poddey.de\/?page_id=110","title":{"rendered":"Versteigerung Essen"},"content":{"rendered":"<p><em><strong>Filiale Gr\u00fcne\u00b4s Leihh\u00e4user<\/strong><\/em><\/p>\n<p><em><strong>Essen, Serlostr. 21-23<\/strong><\/em><\/p>\n<p><em><strong>45143 Essen<\/strong><\/em><\/p>\n<p>============================================================================<\/p>\n<p><em><strong><span style=\"color: #ff0000;\">Sehr geehrte Kunden, die n\u00e4chste Versteigerung\u00a0 Filiale Gr\u00fcne Serlostra\u00dfe ,<\/span><\/strong><\/em><\/p>\n<p><span style=\"color: #ff0000;\"><b><i>Findet statt am 03.02.2026\u00a0 \u00a0 \u00a0 \u00a0 \u00a0 \u00a0 \u00a0 \u00a0 \u00a0 \u00a0 \u00a0 \u00a0 \u00a0 \u00a0 \u00a0 \u00a0 \u00a0 \u00a0 \u00a0 \u00a0 \u00a0 \u00a0 \u00a0 \u00a0 \u00a0 \u00a0 \u00a0 \u00a0 \u00a0 \u00a0 \u00a0 \u00a0 \u00a0 \u00a0 \u00a0 \u00a0 \u00a0 \u00a0 \u00a0 \u00a0 \u00a0 \u00a0 \u00a0 \u00a0 \u00a0 \u00a0 \u00a0 \u00a0 \u00a0 \u00a0 \u00a0 \u00a0 \u00a0 \u00a0 \u00a0 \u00a0 \u00a0 \u00a0 \u00a0 \u00a0 \u00a0 \u00a0 \u00a0 \u00a0 \u00a0 \u00a0 \u00a0 \u00a0 \u00a0 \u00a0 \u00a0 \u00a0 \u00a0 <\/i><\/b><\/span><strong>Versteigerungslokal Pfarrheim St. Hedwig , An St. Hedwig 17 in 45326 Essen<\/strong><\/p>\n<p><em><strong>Beginn : 09:00 Uhr<\/strong><\/em><\/p>\n<p><em><strong>Besichtigung ab : 07::00 Uhr<\/strong><\/em><em><strong>\u00a0<\/strong><\/em><\/p>\n<table class=\"content\" style=\"height: 65px;\" width=\"60\" cellspacing=\"1\">\n<tbody>\n<tr class=\"odd\">\n<td class=\"cell\" align=\"left\" valign=\"top\" width=\"17%\"><strong>Termine 2026 :<\/strong><\/td>\n<td class=\"cell\" align=\"left\" valign=\"top\" width=\"19%\"><strong>28.04.2026<\/strong><\/td>\n<td class=\"cell\" align=\"left\" valign=\"top\" width=\"17%\"><strong>23.06.2026<\/strong><\/td>\n<td class=\"cell\" align=\"left\" valign=\"top\" width=\"17%\">\u00a0<\/td>\n<td class=\"cell\" align=\"left\" valign=\"top\" width=\"14%\">\u00a0<\/td>\n<td class=\"cell\" align=\"left\" valign=\"top\" width=\"16%\">\u00a0<\/td>\n<\/tr>\n<tr class=\"even\">\n<td class=\"cell\" align=\"left\" valign=\"top\" width=\"17%\">\u00a0<\/td>\n<td class=\"cell\" align=\"left\" valign=\"top\" width=\"19%\">\u00a0<\/td>\n<td class=\"cell\" align=\"left\" valign=\"top\" width=\"17%\">\u00a0<\/td>\n<td class=\"cell\" align=\"left\" valign=\"top\" width=\"17%\">\u00a0<\/td>\n<td class=\"cell\" align=\"left\" valign=\"top\" width=\"14%\">\u00a0<\/td>\n<td class=\"cell\" align=\"left\" valign=\"top\" width=\"16%\">\u00a0<\/td>\n<\/tr>\n<\/tbody>\n<\/table>\n<p><strong>Filiale Gr\u00fcne\u00b4s Leihh\u00e4user<\/strong><br \/><strong>Essen, Kettwiger Str. 20<\/strong><\/p>\n<p><strong>45127 Essen<\/strong><\/p>\n<p>============================================================================<\/p>\n<p><span style=\"color: #ff0000;\"><b><i>Sehr geehrte Kunden die n\u00e4chste Versteigerung Filiale Gr\u00fcne Kettwiger Stra\u00dfe<\/i><\/b><\/span><span style=\"color: #ff0000;\"><b><i>.<\/i><\/b><\/span><\/p>\n<p><span style=\"color: #ff0000;\"><b><i>Findet statt am :\u00a0 \u00a0 \u00a0 10.02.2026\u00a0 \u00a0 \u00a0 \u00a0 \u00a0 \u00a0 \u00a0 \u00a0 \u00a0 \u00a0 \u00a0 \u00a0 \u00a0 \u00a0 \u00a0 \u00a0 \u00a0 \u00a0 \u00a0 \u00a0 \u00a0 \u00a0 \u00a0 \u00a0 \u00a0 \u00a0 \u00a0 \u00a0 \u00a0 \u00a0 \u00a0 \u00a0 \u00a0 \u00a0 \u00a0 \u00a0 \u00a0 \u00a0 \u00a0 \u00a0 \u00a0 \u00a0 \u00a0 \u00a0 \u00a0 \u00a0 \u00a0 \u00a0 \u00a0 \u00a0 \u00a0 \u00a0 \u00a0 \u00a0 \u00a0 \u00a0 \u00a0 \u00a0 \u00a0 \u00a0 \u00a0 \u00a0 \u00a0 \u00a0 \u00a0 \u00a0 \u00a0 \u00a0 \u00a0 \u00a0 \u00a0 \u00a0 \u00a0 \u00a0 <\/i><\/b><\/span><em><strong>Versteigerungslokal Pfarrheim St. Hedwig , An St. Hedwig 17 in 45326 Essen\u00a0<\/strong><\/em><\/p>\n<p><em><strong>Beginn : 09:00 Uhr<\/strong><\/em><\/p>\n<p><em><strong>Besichtigung ab : 07:00 Uhr<\/strong><\/em><\/p>\n<table class=\"content\" style=\"height: 5px;\" width=\"5\" cellspacing=\"1\">\n<tbody>\n<tr class=\"odd\">\n<td class=\"cell\" align=\"left\" valign=\"top\" width=\"17%\"><strong>Termine 2026 ;<\/strong><\/td>\n<td class=\"cell\" align=\"left\" valign=\"top\" width=\"19%\"><strong>10.03.2026<\/strong><\/td>\n<td class=\"cell\" align=\"left\" valign=\"top\" width=\"17%\"><strong>12.05.2026<\/strong><\/td>\n<td class=\"cell\" align=\"left\" valign=\"top\" width=\"17%\"><strong>16.06.2026<\/strong><\/td>\n<td class=\"cell\" align=\"left\" valign=\"top\" width=\"14%\">\u00a0<\/td>\n<td class=\"cell\" align=\"left\" valign=\"top\" width=\"16%\">\u00a0<\/td>\n<\/tr>\n<tr class=\"even\">\n<td class=\"cell\" align=\"left\" valign=\"top\" width=\"17%\">\u00a0<\/td>\n<td class=\"cell\" align=\"left\" valign=\"top\" width=\"19%\">\u00a0<\/td>\n<td class=\"cell\" align=\"left\" valign=\"top\" width=\"17%\">\u00a0<\/td>\n<td class=\"cell\" align=\"left\" valign=\"top\" width=\"17%\">\u00a0<\/td>\n<td class=\"cell\" align=\"left\" valign=\"top\" width=\"14%\">\u00a0<\/td>\n<td class=\"cell\" align=\"left\" valign=\"top\" width=\"16%\">\u00a0<\/td>\n<\/tr>\n<\/tbody>\n<\/table>\n<p><strong><span style=\"color: #000000;\">Filiale Gr\u00fcne\u00b4s Leihh\u00e4user<\/span><\/strong><\/p>\n<p><b>Altenessener-Str. 252<\/b><strong style=\"font-size: 1em;\"><em>\u00a0<\/em><\/strong><\/p>\n<p><strong><em>45326 Essen<\/em><\/strong><\/p>\n<p>============================================================================<\/p>\n<p><strong><span style=\"color: #ff0000;\">Sehr geehrte Kunden, die n\u00e4chste Versteigerung Gr\u00fcne Filiale Altenessen,<\/span><\/strong><\/p>\n<p><strong><span style=\"color: #ff0000;\">Findet statt am :\u00a0 \u00a0 \u00a0 04.03.2026<\/span><\/strong><strong><span style=\"color: #ff0000;\">\u00a0 \u00a0 \u00a0 \u00a0 \u00a0 \u00a0 \u00a0 \u00a0 \u00a0 \u00a0 \u00a0 \u00a0 \u00a0 \u00a0 \u00a0 \u00a0 \u00a0 \u00a0 \u00a0 \u00a0 \u00a0 \u00a0 \u00a0 \u00a0 \u00a0 \u00a0 \u00a0 \u00a0 \u00a0 \u00a0 \u00a0 \u00a0 \u00a0 \u00a0 \u00a0 \u00a0 \u00a0 \u00a0 \u00a0 \u00a0 \u00a0 \u00a0 \u00a0 \u00a0 \u00a0 \u00a0 \u00a0 \u00a0 \u00a0 \u00a0 \u00a0 \u00a0 \u00a0 \u00a0 \u00a0 \u00a0 \u00a0 \u00a0 \u00a0 \u00a0 \u00a0 \u00a0 \u00a0 \u00a0 \u00a0 \u00a0 \u00a0 \u00a0 \u00a0 \u00a0 \u00a0 \u00a0 \u00a0 \u00a0<\/span><\/strong><strong>Versteigerungslokal Pfarrheim St Hedwig , An St. Hedwig 17 in 45326 Essen<\/strong><\/p>\n<p><em><strong><span style=\"color: #ff0000;\">Neuer Versteigerungsbeginn !!!!!\u00a0 Bitte Beachten !!!!!\u00a0 Neuer Versteigerungsbeginn !!!!!<\/span><\/strong><\/em><\/p>\n<p><strong><em>Beginn : <span style=\"color: #ff0000;\">08:30 Uhr<\/span><\/em><\/strong><\/p>\n<p><b><i>Besichtigung ab : 06:30 Uhr<\/i><\/b><\/p>\n<table class=\"content\" style=\"height: 26px;\" width=\"812\" cellspacing=\"1\">\n<tbody>\n<tr class=\"odd\">\n<td class=\"cell\" align=\"left\" valign=\"top\" width=\"17%\">\n<p><strong>Termine 2026 :\u00a0<\/strong><\/p>\n<\/td>\n<td class=\"cell\" align=\"left\" valign=\"top\" width=\"19%\"><strong>06.05.2026<\/strong><\/td>\n<td class=\"cell\" align=\"left\" valign=\"top\" width=\"17%\"><strong>06.05.2026<\/strong><\/td>\n<td class=\"cell\" align=\"left\" valign=\"top\" width=\"17%\">\u00a0<\/td>\n<td class=\"cell\" align=\"left\" valign=\"top\" width=\"14%\">\u00a0<\/td>\n<td class=\"cell\" align=\"left\" valign=\"top\" width=\"16%\">\u00a0<\/td>\n<\/tr>\n<\/tbody>\n<\/table>\n\n\n<p><\/p>\n","protected":false},"excerpt":{"rendered":"<p>Filiale Gr\u00fcne\u00b4s Leihh\u00e4user Essen, Serlostr. 21-23 45143 Essen ============================================================================ Sehr geehrte Kunden, die n\u00e4chste Versteigerung\u00a0 Filiale Gr\u00fcne Serlostra\u00dfe , Findet statt am 03.02.2026\u00a0 \u00a0 \u00a0 \u00a0 \u00a0 \u00a0 \u00a0 \u00a0 &#8230;<\/p>\n","protected":false},"author":1,"featured_media":0,"parent":1563,"menu_order":3,"comment_status":"closed","ping_status":"closed","template":"","meta":{"footnotes":""},"_links":{"self":[{"href":"http:\/\/wp.versteigerung-poddey.de\/index.php?rest_route=\/wp\/v2\/pages\/110"}],"collection":[{"href":"http:\/\/wp.versteigerung-poddey.de\/index.php?rest_route=\/wp\/v2\/pages"}],"about":[{"href":"http:\/\/wp.versteigerung-poddey.de\/index.php?rest_route=\/wp\/v2\/types\/page"}],"author":[{"embeddable":true,"href":"http:\/\/wp.versteigerung-poddey.de\/index.php?rest_route=\/wp\/v2\/users\/1"}],"replies":[{"embeddable":true,"href":"http:\/\/wp.versteigerung-poddey.de\/index.php?rest_route=%2Fwp%2Fv2%2Fcomments&post=110"}],"version-history":[{"count":229,"href":"http:\/\/wp.versteigerung-poddey.de\/index.php?rest_route=\/wp\/v2\/pages\/110\/revisions"}],"predecessor-version":[{"id":2882,"href":"http:\/\/wp.versteigerung-poddey.de\/index.php?rest_route=\/wp\/v2\/pages\/110\/revisions\/2882"}],"up":[{"embeddable":true,"href":"http:\/\/wp.versteigerung-poddey.de\/index.php?rest_route=\/wp\/v2\/pages\/1563"}],"wp:attachment":[{"href":"http:\/\/wp.versteigerung-poddey.de\/index.php?rest_route=%2Fwp%2Fv2%2Fmedia&parent=110"}],"curies":[{"name":"wp","href":"https:\/\/api.w.org\/{rel}","templated":true}]}}