{"id":153,"date":"2015-04-07T13:10:40","date_gmt":"2015-04-07T13:10:40","guid":{"rendered":"http:\/\/wp.versteigerung-poddey.de\/?page_id=153"},"modified":"2025-12-07T13:16:53","modified_gmt":"2025-12-07T13:16:53","slug":"freiwillige-hausratversteigerungen","status":"publish","type":"page","link":"http:\/\/wp.versteigerung-poddey.de\/?page_id=153","title":{"rendered":"Leihhaus Hamm-M\u00fcnster"},"content":{"rendered":"\n<p>Westring 2, in 59065 Hamm<\/p>\n\n\n\n<p>Zweigstelle M\u00fcnster<\/p>\n\n\n\n<p>Hafenstra\u00dfe 23, in 48153 M\u00fcnster<\/p>\n\n\n\n<p>============================================================================<\/p>\n\n\n\n<p class=\"has-vivid-red-color has-text-color has-medium-font-size\">Sehr geehrte Kunden, die n\u00e4chste Versteigerung der Filialen Hamm und M\u00fcnster,<\/p>\n\n\n\n<p class=\"has-vivid-red-color has-text-color has-large-font-size\"><strong>Findet statt am : 06.02.2026<\/strong><\/p>\n\n\n\n<p><strong><em>Versteigerungslokal<\/em><\/strong><\/p>\n\n\n\n<p><strong>Auf dem Daberg 70<\/strong><\/p>\n\n\n\n<p><strong>59067 Hamm<\/strong><\/p>\n\n\n\n<p class=\"has-medium-font-size\"><strong>Beginn Versteigerung Technik, Werkzeug, Fahrzeuge : 14:00 Uhr<\/strong><\/p>\n\n\n\n<p class=\"has-medium-font-size\"><strong><em>Beginn Versteigerung Gold, Uhren, Schmuck : 16:00 Uhr<\/em><\/strong><\/p>\n\n\n\n<p><strong>Besichtigung 2 Stunden vor Beginn.<\/strong><\/p>\n\n\n\n<p><strong>Termine 2026 :<\/strong><\/p>\n\n\n\n<p><strong>10.04.2026&#8212;&#8211;12.06.2026&#8212;&#8211;11.09.2026&#8212;&#8211;06.11.2026&#8212;&#8211;04.12.2026<\/strong><\/p>\n\n\n\n<p>============================================================================<\/p>\n\n\n\n<p class=\"has-medium-font-size\"><\/p>\n\n\n\n<p class=\"has-large-font-size\"><\/p>\n\n\n\n<p><strong><em>  <\/em><\/strong><\/p>\n\n\n<\/p>","protected":false},"excerpt":{"rendered":"<p>Westring 2, in 59065 Hamm Zweigstelle M\u00fcnster Hafenstra\u00dfe 23, in 48153 M\u00fcnster ============================================================================ Sehr geehrte Kunden, die n\u00e4chste Versteigerung der Filialen Hamm und M\u00fcnster, Findet statt am : 06.02.2026 Versteigerungslokal &#8230;<\/p>\n","protected":false},"author":1,"featured_media":0,"parent":0,"menu_order":2,"comment_status":"closed","ping_status":"closed","template":"","meta":{"footnotes":""},"_links":{"self":[{"href":"http:\/\/wp.versteigerung-poddey.de\/index.php?rest_route=\/wp\/v2\/pages\/153"}],"collection":[{"href":"http:\/\/wp.versteigerung-poddey.de\/index.php?rest_route=\/wp\/v2\/pages"}],"about":[{"href":"http:\/\/wp.versteigerung-poddey.de\/index.php?rest_route=\/wp\/v2\/types\/page"}],"author":[{"embeddable":true,"href":"http:\/\/wp.versteigerung-poddey.de\/index.php?rest_route=\/wp\/v2\/users\/1"}],"replies":[{"embeddable":true,"href":"http:\/\/wp.versteigerung-poddey.de\/index.php?rest_route=%2Fwp%2Fv2%2Fcomments&post=153"}],"version-history":[{"count":80,"href":"http:\/\/wp.versteigerung-poddey.de\/index.php?rest_route=\/wp\/v2\/pages\/153\/revisions"}],"predecessor-version":[{"id":2867,"href":"http:\/\/wp.versteigerung-poddey.de\/index.php?rest_route=\/wp\/v2\/pages\/153\/revisions\/2867"}],"wp:attachment":[{"href":"http:\/\/wp.versteigerung-poddey.de\/index.php?rest_route=%2Fwp%2Fv2%2Fmedia&parent=153"}],"curies":[{"name":"wp","href":"https:\/\/api.w.org\/{rel}","templated":true}]}}