{"id":2128,"date":"2023-02-05T14:42:48","date_gmt":"2023-02-05T14:42:48","guid":{"rendered":"http:\/\/wp.versteigerung-poddey.de\/?page_id=2128"},"modified":"2023-02-05T14:42:49","modified_gmt":"2023-02-05T14:42:49","slug":"anmeldung","status":"publish","type":"page","link":"http:\/\/wp.versteigerung-poddey.de\/?page_id=2128","title":{"rendered":"Anmeldung"},"content":{"rendered":"\n<p> <\/p>\n\n\n\n<p>Anmeldung Versteigerung Essen. Die Versteigerungszeiten k\u00f6nnen sich \u00e4ndern. Bitte am Vortag auf unsere Internetseite schauen. Beachten Sie bitte, dass sie Ihre Maske mitbringen. Vielen Dank und bleiben Sie gesund. Corona auch wir lernen dazu!<\/p>\n\n\n\n<p><strong><em>Geben Sie im Feld Adresse auch den Versteigerungsort \/Uhrzeit bekannt, an dem Sie teilnehmen m\u00f6chten. Bei einigen Veranstaltungsorten stehen uns nur begrenzte Pl\u00e4tze zur Verf\u00fcgung. Wir bitten um Verst\u00e4ndnis. Danke<\/em><\/strong><\/p>\n\n\n<div class=\"wpforms-container wpforms-container-full\" id=\"wpforms-1252\"><form id=\"wpforms-form-1252\" class=\"wpforms-validate wpforms-form\" data-formid=\"1252\" method=\"post\" enctype=\"multipart\/form-data\" action=\"\/index.php?rest_route=%2Fwp%2Fv2%2Fpages%2F2128\" data-token=\"48cfc6b02964ff2d5df3092a2ae247ba\"><noscript class=\"wpforms-error-noscript\">Bitte aktiviere JavaScript in deinem Browser, um dieses Formular fertigzustellen.<\/noscript><div class=\"wpforms-field-container\"><div id=\"wpforms-1252-field_0-container\" class=\"wpforms-field wpforms-field-name\" data-field-id=\"0\"><label class=\"wpforms-field-label\" for=\"wpforms-1252-field_0\">Name <span class=\"wpforms-required-label\">*<\/span><\/label><div class=\"wpforms-field-row wpforms-field-medium\"><div class=\"wpforms-field-row-block wpforms-first wpforms-one-half\"><input type=\"text\" id=\"wpforms-1252-field_0\" class=\"wpforms-field-name-first wpforms-field-required\" name=\"wpforms[fields][0][first]\" required><label for=\"wpforms-1252-field_0\" class=\"wpforms-field-sublabel after \">Vorname<\/label><\/div><div class=\"wpforms-field-row-block wpforms-one-half\"><input type=\"text\" id=\"wpforms-1252-field_0-last\" class=\"wpforms-field-name-last wpforms-field-required\" name=\"wpforms[fields][0][last]\" required><label for=\"wpforms-1252-field_0-last\" class=\"wpforms-field-sublabel after \">Nachname<\/label><\/div><\/div><\/div><div id=\"wpforms-1252-field_3-container\" class=\"wpforms-field wpforms-field-textarea\" data-field-id=\"3\"><label class=\"wpforms-field-label\" for=\"wpforms-1252-field_3\">Adresse<\/label><textarea id=\"wpforms-1252-field_3\" class=\"wpforms-field-medium\" name=\"wpforms[fields][3]\" ><\/textarea><\/div><div id=\"wpforms-1252-field_1-container\" class=\"wpforms-field wpforms-field-email\" data-field-id=\"1\"><label class=\"wpforms-field-label\" for=\"wpforms-1252-field_1\">E-Mail <span class=\"wpforms-required-label\">*<\/span><\/label><input type=\"email\" id=\"wpforms-1252-field_1\" class=\"wpforms-field-medium wpforms-field-required\" name=\"wpforms[fields][1]\" required><\/div><\/div><div class=\"wpforms-submit-container\"><input type=\"hidden\" name=\"wpforms[id]\" value=\"1252\"><input type=\"hidden\" name=\"wpforms[author]\" value=\"1\"><button type=\"submit\" name=\"wpforms[submit]\" id=\"wpforms-submit-1252\" class=\"wpforms-submit\" aria-live=\"assertive\" value=\"wpforms-submit\">Absenden<\/button><\/div><\/form><\/div>  <!-- .wpforms-container -->","protected":false},"excerpt":{"rendered":"<p>Anmeldung Versteigerung Essen. Die Versteigerungszeiten k\u00f6nnen sich \u00e4ndern. Bitte am Vortag auf unsere Internetseite schauen. Beachten Sie bitte, dass sie Ihre Maske mitbringen. Vielen Dank und bleiben Sie gesund. Corona &#8230;<\/p>\n","protected":false},"author":1,"featured_media":0,"parent":0,"menu_order":0,"comment_status":"closed","ping_status":"closed","template":"","meta":{"footnotes":""},"_links":{"self":[{"href":"http:\/\/wp.versteigerung-poddey.de\/index.php?rest_route=\/wp\/v2\/pages\/2128"}],"collection":[{"href":"http:\/\/wp.versteigerung-poddey.de\/index.php?rest_route=\/wp\/v2\/pages"}],"about":[{"href":"http:\/\/wp.versteigerung-poddey.de\/index.php?rest_route=\/wp\/v2\/types\/page"}],"author":[{"embeddable":true,"href":"http:\/\/wp.versteigerung-poddey.de\/index.php?rest_route=\/wp\/v2\/users\/1"}],"replies":[{"embeddable":true,"href":"http:\/\/wp.versteigerung-poddey.de\/index.php?rest_route=%2Fwp%2Fv2%2Fcomments&post=2128"}],"version-history":[{"count":3,"href":"http:\/\/wp.versteigerung-poddey.de\/index.php?rest_route=\/wp\/v2\/pages\/2128\/revisions"}],"predecessor-version":[{"id":2134,"href":"http:\/\/wp.versteigerung-poddey.de\/index.php?rest_route=\/wp\/v2\/pages\/2128\/revisions\/2134"}],"wp:attachment":[{"href":"http:\/\/wp.versteigerung-poddey.de\/index.php?rest_route=%2Fwp%2Fv2%2Fmedia&parent=2128"}],"curies":[{"name":"wp","href":"https:\/\/api.w.org\/{rel}","templated":true}]}}