{"id":359,"date":"2015-10-12T14:05:53","date_gmt":"2015-10-12T14:05:53","guid":{"rendered":"http:\/\/wp.versteigerung-poddey.de\/?page_id=359"},"modified":"2025-05-16T15:59:20","modified_gmt":"2025-05-16T15:59:20","slug":"wesel","status":"publish","type":"page","link":"http:\/\/wp.versteigerung-poddey.de\/?page_id=359","title":{"rendered":"Fundsachenversteigerung der Stadt Gelsenkirchen"},"content":{"rendered":"\n<p class=\"has-medium-font-size\"><strong><em>Versteigerungsort : Gartenanlage Bismarckhain<\/em><\/strong><\/p>\n\n\n\n<p class=\"has-medium-font-size\"><strong><em>Grimmbergstra\u00dfe ( N\u00e4he Ruhr Zoo ) , 45899 Gelsenkir<\/em>chen<\/strong><\/p>\n\n\n\n<p class=\"has-vivid-red-color has-text-color has-medium-font-size\"><strong><em>N\u00e4chster Termin <\/em>: 12.08.2025<\/strong><\/p>\n\n\n\n<p class=\"has-medium-font-size\"><strong><em>Besichtigung ab <\/em>09:00 Uhr<\/strong><\/p>\n\n\n\n<p class=\"has-medium-font-size\"><strong><em>Beginn<\/em> : 10:00 Uhr<\/strong><\/p>\n\n\n\n<p><\/p>\n\n\n\n<p class=\"has-vivid-red-color has-text-color has-large-font-size\"> <\/p>\n","protected":false},"excerpt":{"rendered":"<p>Versteigerungsort : Gartenanlage Bismarckhain Grimmbergstra\u00dfe ( N\u00e4he Ruhr Zoo ) , 45899 Gelsenkirchen N\u00e4chster Termin : 12.08.2025 Besichtigung ab 09:00 Uhr Beginn : 10:00 Uhr<\/p>\n","protected":false},"author":1,"featured_media":0,"parent":0,"menu_order":2,"comment_status":"closed","ping_status":"closed","template":"","meta":{"footnotes":""},"_links":{"self":[{"href":"http:\/\/wp.versteigerung-poddey.de\/index.php?rest_route=\/wp\/v2\/pages\/359"}],"collection":[{"href":"http:\/\/wp.versteigerung-poddey.de\/index.php?rest_route=\/wp\/v2\/pages"}],"about":[{"href":"http:\/\/wp.versteigerung-poddey.de\/index.php?rest_route=\/wp\/v2\/types\/page"}],"author":[{"embeddable":true,"href":"http:\/\/wp.versteigerung-poddey.de\/index.php?rest_route=\/wp\/v2\/users\/1"}],"replies":[{"embeddable":true,"href":"http:\/\/wp.versteigerung-poddey.de\/index.php?rest_route=%2Fwp%2Fv2%2Fcomments&post=359"}],"version-history":[{"count":27,"href":"http:\/\/wp.versteigerung-poddey.de\/index.php?rest_route=\/wp\/v2\/pages\/359\/revisions"}],"predecessor-version":[{"id":2740,"href":"http:\/\/wp.versteigerung-poddey.de\/index.php?rest_route=\/wp\/v2\/pages\/359\/revisions\/2740"}],"wp:attachment":[{"href":"http:\/\/wp.versteigerung-poddey.de\/index.php?rest_route=%2Fwp%2Fv2%2Fmedia&parent=359"}],"curies":[{"name":"wp","href":"https:\/\/api.w.org\/{rel}","templated":true}]}}