{"id":74,"date":"2015-01-02T10:31:49","date_gmt":"2015-01-02T10:31:49","guid":{"rendered":"http:\/\/wp.versteigerung-poddey.de\/?page_id=74"},"modified":"2026-01-18T09:54:24","modified_gmt":"2026-01-18T09:54:24","slug":"versteigerung-dortmund","status":"publish","type":"page","link":"http:\/\/wp.versteigerung-poddey.de\/?page_id=74","title":{"rendered":"Versteigerung Dortmund"},"content":{"rendered":"<h5><span data-dobid=\"hdw\">Highlight<\/span><\/h5>\n<h5><\/h5>\n<p><strong>Versteigerungen in Dortmund<\/strong><br \/>\n<strong>Filiale Gr\u00fcne\u00b4s Leihh\u00e4user<\/strong><\/p>\n<p><strong>Hansastra\u00dfe 7 &#8211; 11<\/strong><\/p>\n<p>============================================================================<\/p>\n<p><span style=\"color: #ff0000;\"><strong>Sehr geehrte Kunden, die n\u00e4chsten Versteigerungen der Filiale Gr\u00fcne Dortmund in 2026 :<\/strong><\/span><\/p>\n<p><strong>Ab Januar 2026 finden unsere Auktionen in Dortmund statt :<\/strong><\/p>\n<p><strong>Gartenverein &#8220; Zum friedlichem Nachbarn &#8222;<\/strong><\/p>\n<p><strong>Wambeler Hellweg 1A<\/strong><\/p>\n<p><strong>44143 Dortmund<\/strong><\/p>\n<h4><span style=\"color: #ff0000;\"><b>N\u00e4chster Termin :\u00a0 \u00a019.02.2026<\/b><\/span><span style=\"color: #ff0000;\"><b>\u00a0 \u00a0 \u00a0 \u00a0 \u00a0 \u00a0 \u00a0 \u00a0 \u00a0 \u00a0 \u00a0 \u00a0 \u00a0 \u00a0 \u00a0 \u00a0 \u00a0 \u00a0 \u00a0 \u00a0 \u00a0 \u00a0 \u00a0 \u00a0 \u00a0 \u00a0 \u00a0 \u00a0 \u00a0 \u00a0 \u00a0 \u00a0 \u00a0 \u00a0 \u00a0 \u00a0 \u00a0 \u00a0 \u00a0 \u00a0 \u00a0 \u00a0 \u00a0 \u00a0 \u00a0 \u00a0 \u00a0 \u00a0 \u00a0 \u00a0 \u00a0 \u00a0 \u00a0<\/b><\/span><\/h4>\n<p><strong>Beginn : 09:00<\/strong><\/p>\n<p><strong>Besichtigung ab : 07:00 Uhr<\/strong><\/p>\n<table class=\"content\" style=\"font-size: 1em; height: 60px;\" width=\"837\" cellspacing=\"1\">\n<tbody>\n<tr class=\"odd\">\n<td class=\"cell\" align=\"left\" valign=\"top\" width=\"17%\"><\/td>\n<td class=\"cell\" align=\"left\" valign=\"top\" width=\"19%\"><\/td>\n<td class=\"cell\" align=\"left\" valign=\"top\" width=\"17%\"><\/td>\n<td class=\"cell\" align=\"left\" valign=\"top\" width=\"17%\"><\/td>\n<td class=\"cell\" align=\"left\" valign=\"top\" width=\"14%\"><\/td>\n<td class=\"cell\" align=\"left\" valign=\"top\" width=\"16%\"><\/td>\n<\/tr>\n<tr class=\"even\">\n<td class=\"cell\" align=\"left\" valign=\"top\" width=\"17%\"><strong>Termine 2026 :<\/strong><\/td>\n<td class=\"cell\" align=\"left\" valign=\"top\" width=\"19%\"><\/td>\n<td class=\"cell\" align=\"left\" valign=\"top\" width=\"17%\"><\/td>\n<td class=\"cell\" align=\"left\" valign=\"top\" width=\"17%\"><\/td>\n<td class=\"cell\" align=\"left\" valign=\"top\" width=\"14%\"><\/td>\n<td class=\"cell\" align=\"left\" valign=\"top\" width=\"16%\"><\/td>\n<\/tr>\n<tr class=\"odd\">\n<td class=\"cell\" align=\"left\" valign=\"top\" width=\"17%\"><strong>26.03.2026<\/strong><\/td>\n<td class=\"cell\" align=\"left\" valign=\"top\" width=\"19%\"><strong>23.04.2026<\/strong><\/td>\n<td class=\"cell\" align=\"left\" valign=\"top\" width=\"17%\"><strong>21.05.2026<\/strong><\/td>\n<td class=\"cell\" align=\"left\" valign=\"top\" width=\"17%\"><strong>25.06.2026<\/strong><\/td>\n<td class=\"cell\" align=\"left\" valign=\"top\" width=\"14%\"><\/td>\n<td class=\"cell\" align=\"left\" valign=\"top\" width=\"16%\"><\/td>\n<\/tr>\n<tr class=\"even\">\n<td class=\"cell\" align=\"left\" valign=\"top\" width=\"17%\"><\/td>\n<td class=\"cell\" align=\"left\" valign=\"top\" width=\"19%\"><\/td>\n<td class=\"cell\" align=\"left\" valign=\"top\" width=\"17%\"><\/td>\n<td class=\"cell\" align=\"left\" valign=\"top\" width=\"17%\"><\/td>\n<td class=\"cell\" align=\"left\" valign=\"top\" width=\"14%\"><\/td>\n<td class=\"cell\" align=\"left\" valign=\"top\" width=\"16%\"><\/td>\n<\/tr>\n<tr class=\"odd\">\n<td class=\"cell\" align=\"left\" valign=\"top\" width=\"17%\"><\/td>\n<td class=\"cell\" align=\"left\" valign=\"top\" width=\"19%\"><\/td>\n<td class=\"cell\" align=\"left\" valign=\"top\" width=\"17%\"><\/td>\n<td class=\"cell\" align=\"left\" valign=\"top\" width=\"17%\"><\/td>\n<td class=\"cell\" align=\"left\" valign=\"top\" width=\"14%\"><\/td>\n<td class=\"cell\" align=\"left\" valign=\"top\" width=\"16%\"><\/td>\n<\/tr>\n<tr class=\"even\">\n<td class=\"cell\" align=\"left\" valign=\"top\" width=\"17%\"><\/td>\n<td class=\"cell\" align=\"left\" valign=\"top\" width=\"19%\"><\/td>\n<td class=\"cell\" align=\"left\" valign=\"top\" width=\"17%\"><\/td>\n<td class=\"cell\" align=\"left\" valign=\"top\" width=\"17%\"><\/td>\n<td class=\"cell\" align=\"left\" valign=\"top\" width=\"14%\"><\/td>\n<td class=\"cell\" align=\"left\" valign=\"top\" width=\"16%\"><\/td>\n<\/tr>\n<tr class=\"odd\">\n<td class=\"cell\" align=\"left\" valign=\"top\" width=\"17%\"><\/td>\n<td class=\"cell\" align=\"left\" valign=\"top\" width=\"19%\"><\/td>\n<td class=\"cell\" align=\"left\" valign=\"top\" width=\"17%\"><\/td>\n<td class=\"cell\" align=\"left\" valign=\"top\" width=\"17%\"><\/td>\n<td class=\"cell\" align=\"left\" valign=\"top\" width=\"14%\"><\/td>\n<td class=\"cell\" align=\"left\" valign=\"top\" width=\"16%\"><\/td>\n<\/tr>\n<\/tbody>\n<\/table>\n","protected":false},"excerpt":{"rendered":"<p>Highlight Versteigerungen in Dortmund Filiale Gr\u00fcne\u00b4s Leihh\u00e4user Hansastra\u00dfe 7 &#8211; 11 ============================================================================ Sehr geehrte Kunden, die n\u00e4chsten Versteigerungen der Filiale Gr\u00fcne Dortmund in 2026 : Ab Januar 2026 finden unsere &#8230;<\/p>\n","protected":false},"author":1,"featured_media":0,"parent":1563,"menu_order":4,"comment_status":"closed","ping_status":"closed","template":"","meta":{"footnotes":""},"_links":{"self":[{"href":"http:\/\/wp.versteigerung-poddey.de\/index.php?rest_route=\/wp\/v2\/pages\/74"}],"collection":[{"href":"http:\/\/wp.versteigerung-poddey.de\/index.php?rest_route=\/wp\/v2\/pages"}],"about":[{"href":"http:\/\/wp.versteigerung-poddey.de\/index.php?rest_route=\/wp\/v2\/types\/page"}],"author":[{"embeddable":true,"href":"http:\/\/wp.versteigerung-poddey.de\/index.php?rest_route=\/wp\/v2\/users\/1"}],"replies":[{"embeddable":true,"href":"http:\/\/wp.versteigerung-poddey.de\/index.php?rest_route=%2Fwp%2Fv2%2Fcomments&post=74"}],"version-history":[{"count":164,"href":"http:\/\/wp.versteigerung-poddey.de\/index.php?rest_route=\/wp\/v2\/pages\/74\/revisions"}],"predecessor-version":[{"id":2880,"href":"http:\/\/wp.versteigerung-poddey.de\/index.php?rest_route=\/wp\/v2\/pages\/74\/revisions\/2880"}],"up":[{"embeddable":true,"href":"http:\/\/wp.versteigerung-poddey.de\/index.php?rest_route=\/wp\/v2\/pages\/1563"}],"wp:attachment":[{"href":"http:\/\/wp.versteigerung-poddey.de\/index.php?rest_route=%2Fwp%2Fv2%2Fmedia&parent=74"}],"curies":[{"name":"wp","href":"https:\/\/api.w.org\/{rel}","templated":true}]}}